{"id":1464,"date":"2023-10-25T04:56:18","date_gmt":"2023-10-25T04:56:18","guid":{"rendered":"https:\/\/chemuza.org\/de\/kontakt\/"},"modified":"2023-10-26T11:55:59","modified_gmt":"2023-10-26T11:55:59","slug":"kontakt","status":"publish","type":"page","link":"https:\/\/chemuza.org\/de\/kontakt\/","title":{"rendered":"Kontakt"},"content":{"rendered":"<p>Vielen Dank f\u00fcr Ihr Interesse an Chemuza! Wir freuen uns \u00fcber Ihre Kommentare, Vorschl\u00e4ge und alle Fragen, die Sie haben.<\/p>\n<p>Wenn Sie sich f\u00fcr Chemie begeistern und gerne einen Beitrag zu unserem Blog leisten m\u00f6chten, sei es durch Artikel, Experimente oder Ideen, w\u00fcrden wir uns freuen, von Ihnen zu h\u00f6ren. Z\u00f6gern Sie nicht, uns \u00fcber das folgende Kontaktformular zu kontaktieren:<\/p>\n<p><iframe loading=\"lazy\" src=\"https:\/\/docs.google.com\/forms\/d\/e\/1FAIpQLSdLyTRofCLdX3PY7bcyiJ9Y15ecNQo1G8fCLJSqWUB0WBC0ew\/viewform?embedded=true\" width=\"640\" height=\"772\" frameborder=\"0\" marginwidth=\"0\" marginheight=\"0\">Loading\u2026<\/iframe><\/p>\n<p>Wir sind bestrebt, alle Anfragen innerhalb einer angemessenen Zeit zu beantworten. Bitte rechnen Sie jedoch mit einer Antwortzeit von bis zu 48 Stunden, insbesondere in Spitzenzeiten.<\/p>\n<p>Vielen Dank, dass Sie Teil von Chemuza sind! Ihr Engagement und Ihre Unterst\u00fctzung inspirieren uns, weiterhin informative und spannende Inhalte f\u00fcr andere Chemiebegeisterte auf der ganzen Welt bereitzustellen.<\/p>\n","protected":false},"excerpt":{"rendered":"<p>Vielen Dank f\u00fcr Ihr Interesse an Chemuza! Wir freuen uns \u00fcber Ihre Kommentare, Vorschl\u00e4ge und alle Fragen, die Sie haben. Wenn Sie sich f\u00fcr Chemie begeistern und gerne einen Beitrag zu unserem Blog leisten m\u00f6chten, sei es durch Artikel, Experimente oder Ideen, w\u00fcrden wir uns freuen, von Ihnen zu h\u00f6ren. Z\u00f6gern Sie nicht, uns \u00fcber &#8230; <a title=\"Kontakt\" class=\"read-more\" href=\"https:\/\/chemuza.org\/de\/kontakt\/\" aria-label=\"Mehr zu Kontakt\">Mehr lesen<\/a><\/p>\n","protected":false},"author":1,"featured_media":0,"parent":0,"menu_order":0,"comment_status":"closed","ping_status":"closed","template":"","meta":{"footnotes":""},"class_list":["post-1464","page","type-page","status-publish"],"yoast_head":"<!-- This site is optimized with the Yoast SEO plugin v21.4 - https:\/\/yoast.com\/wordpress\/plugins\/seo\/ -->\n<title>Kontakt - Chemuza<\/title>\n<meta name=\"description\" content=\"Vielen Dank f\u00fcr Ihr Interesse an Chemuza! Wir freuen uns \u00fcber Ihre Kommentare, Vorschl\u00e4ge und alle Fragen, die Sie haben\" \/>\n<meta name=\"robots\" content=\"index, follow, max-snippet:-1, max-image-preview:large, max-video-preview:-1\" \/>\n<link rel=\"canonical\" href=\"https:\/\/chemuza.org\/de\/kontakt\/\" \/>\n<meta property=\"og:locale\" content=\"de_DE\" \/>\n<meta property=\"og:type\" content=\"article\" \/>\n<meta property=\"og:title\" content=\"Kontakt - Chemuza\" \/>\n<meta property=\"og:description\" content=\"Vielen Dank f\u00fcr Ihr Interesse an Chemuza! Wir freuen uns \u00fcber Ihre Kommentare, Vorschl\u00e4ge und alle Fragen, die Sie haben\" \/>\n<meta property=\"og:url\" content=\"https:\/\/chemuza.org\/de\/kontakt\/\" \/>\n<meta property=\"og:site_name\" content=\"Chemuza\" \/>\n<meta property=\"article:modified_time\" content=\"2023-10-26T11:55:59+00:00\" \/>\n<meta name=\"twitter:card\" content=\"summary_large_image\" \/>\n<meta name=\"twitter:label1\" content=\"Gesch\u00e4tzte Lesezeit\" \/>\n\t<meta name=\"twitter:data1\" content=\"1\u00a0Minute\" \/>\n<script type=\"application\/ld+json\" class=\"yoast-schema-graph\">{\"@context\":\"https:\/\/schema.org\",\"@graph\":[{\"@type\":\"WebPage\",\"@id\":\"https:\/\/chemuza.org\/de\/kontakt\/\",\"url\":\"https:\/\/chemuza.org\/de\/kontakt\/\",\"name\":\"Kontakt - Chemuza\",\"isPartOf\":{\"@id\":\"https:\/\/chemuza.org\/de\/#website\"},\"datePublished\":\"2023-10-25T04:56:18+00:00\",\"dateModified\":\"2023-10-26T11:55:59+00:00\",\"description\":\"Vielen Dank f\u00fcr Ihr Interesse an Chemuza! Wir freuen uns \u00fcber Ihre Kommentare, Vorschl\u00e4ge und alle Fragen, die Sie haben\",\"breadcrumb\":{\"@id\":\"https:\/\/chemuza.org\/de\/kontakt\/#breadcrumb\"},\"inLanguage\":\"de\",\"potentialAction\":[{\"@type\":\"ReadAction\",\"target\":[\"https:\/\/chemuza.org\/de\/kontakt\/\"]}]},{\"@type\":\"BreadcrumbList\",\"@id\":\"https:\/\/chemuza.org\/de\/kontakt\/#breadcrumb\",\"itemListElement\":[{\"@type\":\"ListItem\",\"position\":1,\"name\":\"Heim\",\"item\":\"https:\/\/chemuza.org\/de\/\"},{\"@type\":\"ListItem\",\"position\":2,\"name\":\"Kontakt\"}]},{\"@type\":\"WebSite\",\"@id\":\"https:\/\/chemuza.org\/de\/#website\",\"url\":\"https:\/\/chemuza.org\/de\/\",\"name\":\"Chemuza\",\"description\":\"Ihr Tor zur chemischen Entdeckung\",\"publisher\":{\"@id\":\"https:\/\/chemuza.org\/de\/#organization\"},\"potentialAction\":[{\"@type\":\"SearchAction\",\"target\":{\"@type\":\"EntryPoint\",\"urlTemplate\":\"https:\/\/chemuza.org\/de\/?s={search_term_string}\"},\"query-input\":\"required name=search_term_string\"}],\"inLanguage\":\"de\"},{\"@type\":\"Organization\",\"@id\":\"https:\/\/chemuza.org\/de\/#organization\",\"name\":\"Chemuza\",\"url\":\"https:\/\/chemuza.org\/de\/\",\"logo\":{\"@type\":\"ImageObject\",\"inLanguage\":\"de\",\"@id\":\"https:\/\/chemuza.org\/de\/#\/schema\/logo\/image\/\",\"url\":\"https:\/\/chemuza.org\/de\/wp-content\/uploads\/2023\/10\/chemuza-logo.png\",\"contentUrl\":\"https:\/\/chemuza.org\/de\/wp-content\/uploads\/2023\/10\/chemuza-logo.png\",\"width\":387,\"height\":70,\"caption\":\"Chemuza\"},\"image\":{\"@id\":\"https:\/\/chemuza.org\/de\/#\/schema\/logo\/image\/\"}}]}<\/script>\n<!-- \/ Yoast SEO plugin. -->","yoast_head_json":{"title":"Kontakt - Chemuza","description":"Vielen Dank f\u00fcr Ihr Interesse an Chemuza! Wir freuen uns \u00fcber Ihre Kommentare, Vorschl\u00e4ge und alle Fragen, die Sie haben","robots":{"index":"index","follow":"follow","max-snippet":"max-snippet:-1","max-image-preview":"max-image-preview:large","max-video-preview":"max-video-preview:-1"},"canonical":"https:\/\/chemuza.org\/de\/kontakt\/","og_locale":"de_DE","og_type":"article","og_title":"Kontakt - Chemuza","og_description":"Vielen Dank f\u00fcr Ihr Interesse an Chemuza! Wir freuen uns \u00fcber Ihre Kommentare, Vorschl\u00e4ge und alle Fragen, die Sie haben","og_url":"https:\/\/chemuza.org\/de\/kontakt\/","og_site_name":"Chemuza","article_modified_time":"2023-10-26T11:55:59+00:00","twitter_card":"summary_large_image","twitter_misc":{"Gesch\u00e4tzte Lesezeit":"1\u00a0Minute"},"schema":{"@context":"https:\/\/schema.org","@graph":[{"@type":"WebPage","@id":"https:\/\/chemuza.org\/de\/kontakt\/","url":"https:\/\/chemuza.org\/de\/kontakt\/","name":"Kontakt - Chemuza","isPartOf":{"@id":"https:\/\/chemuza.org\/de\/#website"},"datePublished":"2023-10-25T04:56:18+00:00","dateModified":"2023-10-26T11:55:59+00:00","description":"Vielen Dank f\u00fcr Ihr Interesse an Chemuza! Wir freuen uns \u00fcber Ihre Kommentare, Vorschl\u00e4ge und alle Fragen, die Sie haben","breadcrumb":{"@id":"https:\/\/chemuza.org\/de\/kontakt\/#breadcrumb"},"inLanguage":"de","potentialAction":[{"@type":"ReadAction","target":["https:\/\/chemuza.org\/de\/kontakt\/"]}]},{"@type":"BreadcrumbList","@id":"https:\/\/chemuza.org\/de\/kontakt\/#breadcrumb","itemListElement":[{"@type":"ListItem","position":1,"name":"Heim","item":"https:\/\/chemuza.org\/de\/"},{"@type":"ListItem","position":2,"name":"Kontakt"}]},{"@type":"WebSite","@id":"https:\/\/chemuza.org\/de\/#website","url":"https:\/\/chemuza.org\/de\/","name":"Chemuza","description":"Ihr Tor zur chemischen Entdeckung","publisher":{"@id":"https:\/\/chemuza.org\/de\/#organization"},"potentialAction":[{"@type":"SearchAction","target":{"@type":"EntryPoint","urlTemplate":"https:\/\/chemuza.org\/de\/?s={search_term_string}"},"query-input":"required name=search_term_string"}],"inLanguage":"de"},{"@type":"Organization","@id":"https:\/\/chemuza.org\/de\/#organization","name":"Chemuza","url":"https:\/\/chemuza.org\/de\/","logo":{"@type":"ImageObject","inLanguage":"de","@id":"https:\/\/chemuza.org\/de\/#\/schema\/logo\/image\/","url":"https:\/\/chemuza.org\/de\/wp-content\/uploads\/2023\/10\/chemuza-logo.png","contentUrl":"https:\/\/chemuza.org\/de\/wp-content\/uploads\/2023\/10\/chemuza-logo.png","width":387,"height":70,"caption":"Chemuza"},"image":{"@id":"https:\/\/chemuza.org\/de\/#\/schema\/logo\/image\/"}}]}},"yoast_meta":{"yoast_wpseo_title":"","yoast_wpseo_metadesc":"","yoast_wpseo_canonical":""},"_links":{"self":[{"href":"https:\/\/chemuza.org\/de\/wp-json\/wp\/v2\/pages\/1464","targetHints":{"allow":["GET"]}}],"collection":[{"href":"https:\/\/chemuza.org\/de\/wp-json\/wp\/v2\/pages"}],"about":[{"href":"https:\/\/chemuza.org\/de\/wp-json\/wp\/v2\/types\/page"}],"author":[{"embeddable":true,"href":"https:\/\/chemuza.org\/de\/wp-json\/wp\/v2\/users\/1"}],"replies":[{"embeddable":true,"href":"https:\/\/chemuza.org\/de\/wp-json\/wp\/v2\/comments?post=1464"}],"version-history":[{"count":2,"href":"https:\/\/chemuza.org\/de\/wp-json\/wp\/v2\/pages\/1464\/revisions"}],"predecessor-version":[{"id":1674,"href":"https:\/\/chemuza.org\/de\/wp-json\/wp\/v2\/pages\/1464\/revisions\/1674"}],"wp:attachment":[{"href":"https:\/\/chemuza.org\/de\/wp-json\/wp\/v2\/media?parent=1464"}],"curies":[{"name":"wp","href":"https:\/\/api.w.org\/{rel}","templated":true}]}}